{"id":2561,"date":"2013-11-21T10:46:23","date_gmt":"2013-11-21T10:46:23","guid":{"rendered":"https:\/\/2022.ifakverein.ch\/?page_id=2561"},"modified":"2023-09-20T10:10:08","modified_gmt":"2023-09-20T10:10:08","slug":"activites-passee","status":"publish","type":"page","link":"https:\/\/ifakverein.ch\/fr\/activites-passee\/","title":{"rendered":"activit\u00e9s pass\u00e9e"},"content":{"rendered":"\t\t<div data-elementor-type=\"wp-page\" data-elementor-id=\"2561\" class=\"elementor elementor-2561 elementor-150\" data-elementor-post-type=\"page\">\n\t\t\t\t\t\t<section class=\"elementor-section elementor-top-section elementor-element elementor-element-c8ee915 elementor-section-full_width elementor-reverse-tablet elementor-reverse-mobile elementor-section-height-default elementor-section-height-default\" data-id=\"c8ee915\" data-element_type=\"section\" data-e-type=\"section\" data-settings=\"{&quot;jet_parallax_layout_list&quot;:[]}\">\n\t\t\t\t\t\t<div class=\"elementor-container elementor-column-gap-default\">\n\t\t\t\t\t<div class=\"elementor-column elementor-col-50 elementor-top-column elementor-element elementor-element-44190ba\" data-id=\"44190ba\" data-element_type=\"column\" data-e-type=\"column\">\n\t\t\t<div class=\"elementor-widget-wrap elementor-element-populated\">\n\t\t\t\t\t\t<div class=\"elementor-element elementor-element-b22a39d elementor-grid-2 elementor-grid-tablet-2 elementor-grid-mobile-1 elementor-posts--thumbnail-top elementor-card-shadow-yes elementor-posts__hover-gradient elementor-widget elementor-widget-posts\" data-id=\"b22a39d\" data-element_type=\"widget\" data-e-type=\"widget\" data-settings=\"{&quot;cards_columns&quot;:&quot;2&quot;,&quot;pagination_type&quot;:&quot;numbers&quot;,&quot;cards_columns_tablet&quot;:&quot;2&quot;,&quot;cards_columns_mobile&quot;:&quot;1&quot;,&quot;cards_row_gap&quot;:{&quot;unit&quot;:&quot;px&quot;,&quot;size&quot;:35,&quot;sizes&quot;:[]},&quot;cards_row_gap_tablet&quot;:{&quot;unit&quot;:&quot;px&quot;,&quot;size&quot;:&quot;&quot;,&quot;sizes&quot;:[]},&quot;cards_row_gap_mobile&quot;:{&quot;unit&quot;:&quot;px&quot;,&quot;size&quot;:&quot;&quot;,&quot;sizes&quot;:[]}}\" data-widget_type=\"posts.cards\">\n\t\t\t\t<div class=\"elementor-widget-container\">\n\t\t\t\t\t\t\t<div class=\"elementor-posts-container elementor-posts elementor-posts--skin-cards elementor-grid\" role=\"list\">\n\t\t\t\t<article class=\"elementor-post elementor-grid-item post-2931 post type-post status-publish format-standard has-post-thumbnail hentry category-news\" role=\"listitem\">\n\t\t\t<div class=\"elementor-post__card\">\n\t\t\t\t<a class=\"elementor-post__thumbnail__link\" href=\"https:\/\/ifakverein.ch\/fr\/votre-marge-dexploitation-sera-t-elle-plus-ou-moins-elevee-a-partir-du-1er-juillet-2024\/\" tabindex=\"-1\" ><div class=\"elementor-post__thumbnail\"><img fetchpriority=\"high\" decoding=\"async\" width=\"210\" height=\"300\" src=\"https:\/\/ifakverein.ch\/wp-content\/uploads\/2024\/04\/Bild_marge-210x300.jpg\" class=\"attachment-medium size-medium wp-image-2924\" alt=\"\" srcset=\"https:\/\/ifakverein.ch\/wp-content\/uploads\/2024\/04\/Bild_marge-210x300.jpg 210w, https:\/\/ifakverein.ch\/wp-content\/uploads\/2024\/04\/Bild_marge-717x1024.jpg 717w, https:\/\/ifakverein.ch\/wp-content\/uploads\/2024\/04\/Bild_marge-768x1097.jpg 768w, https:\/\/ifakverein.ch\/wp-content\/uploads\/2024\/04\/Bild_marge.jpg 1050w\" sizes=\"(max-width: 210px) 100vw, 210px\" \/><\/div><\/a>\n\t\t\t\t<div class=\"elementor-post__text\">\n\t\t\t\t<h3 class=\"elementor-post__title\">\n\t\t\t<a href=\"https:\/\/ifakverein.ch\/fr\/votre-marge-dexploitation-sera-t-elle-plus-ou-moins-elevee-a-partir-du-1er-juillet-2024\/\" >\n\t\t\t\tVotre marge d&rsquo;exploitation sera-t-elle plus ou moins \u00e9lev\u00e9e \u00e0 partir du 1er juillet 2024 ?\t\t\t<\/a>\n\t\t<\/h3>\n\t\t\t\t<div class=\"elementor-post__excerpt\">\n\t\t\t<p>L&rsquo;adaptation des marges de distribution pour les produits SL sera d\u00e9finitivement mise en \u0153uvre au 1er juillet 2024. Souhaitez-vous savoir d\u00e9j\u00e0 aujourd\u2019hui ce que la<\/p>\n\t\t<\/div>\n\t\t\n\t\t<a class=\"elementor-post__read-more\" href=\"https:\/\/ifakverein.ch\/fr\/votre-marge-dexploitation-sera-t-elle-plus-ou-moins-elevee-a-partir-du-1er-juillet-2024\/\" aria-label=\"En savoir plus sur Votre marge d&rsquo;exploitation sera-t-elle plus ou moins \u00e9lev\u00e9e \u00e0 partir du 1er juillet 2024 ?\" tabindex=\"-1\" >\n\t\t\tlire la suite \u00bb\t\t<\/a>\n\n\t\t\t\t<\/div>\n\t\t\t\t<div class=\"elementor-post__meta-data\">\n\t\t\t\t\t<span class=\"elementor-post-date\">\n\t\t\tavril 15, 2024\t\t<\/span>\n\t\t\t\t<\/div>\n\t\t\t\t\t<\/div>\n\t\t<\/article>\n\t\t\t\t<article class=\"elementor-post elementor-grid-item post-2826 post type-post status-publish format-standard has-post-thumbnail hentry category-news category-news-fr\" role=\"listitem\">\n\t\t\t<div class=\"elementor-post__card\">\n\t\t\t\t<a class=\"elementor-post__thumbnail__link\" href=\"https:\/\/ifakverein.ch\/fr\/inscrivez-vous-maintenant\/\" tabindex=\"-1\" ><div class=\"elementor-post__thumbnail\"><img decoding=\"async\" width=\"300\" height=\"200\" src=\"https:\/\/ifakverein.ch\/wp-content\/uploads\/2023\/11\/AdobeStock_91573764-300x200.jpeg\" class=\"attachment-medium size-medium wp-image-2799\" alt=\"\" srcset=\"https:\/\/ifakverein.ch\/wp-content\/uploads\/2023\/11\/AdobeStock_91573764-300x200.jpeg 300w, https:\/\/ifakverein.ch\/wp-content\/uploads\/2023\/11\/AdobeStock_91573764-1024x684.jpeg 1024w, https:\/\/ifakverein.ch\/wp-content\/uploads\/2023\/11\/AdobeStock_91573764-768x513.jpeg 768w, https:\/\/ifakverein.ch\/wp-content\/uploads\/2023\/11\/AdobeStock_91573764-1536x1025.jpeg 1536w, https:\/\/ifakverein.ch\/wp-content\/uploads\/2023\/11\/AdobeStock_91573764-2048x1367.jpeg 2048w\" sizes=\"(max-width: 300px) 100vw, 300px\" \/><\/div><\/a>\n\t\t\t\t<div class=\"elementor-post__text\">\n\t\t\t\t<h3 class=\"elementor-post__title\">\n\t\t\t<a href=\"https:\/\/ifakverein.ch\/fr\/inscrivez-vous-maintenant\/\" >\n\t\t\t\tInscrivez-vous maintenant\t\t\t<\/a>\n\t\t<\/h3>\n\t\t\t\t<div class=\"elementor-post__excerpt\">\n\t\t\t<p>Atelier intensif \u00ab Culture du management et changement de g\u00e9n\u00e9ration \u00bb Une culture de direction qui fonctionne bien se caract\u00e9rise par un style de direction<\/p>\n\t\t<\/div>\n\t\t\n\t\t<a class=\"elementor-post__read-more\" href=\"https:\/\/ifakverein.ch\/fr\/inscrivez-vous-maintenant\/\" aria-label=\"En savoir plus sur Inscrivez-vous maintenant\" tabindex=\"-1\" >\n\t\t\tlire la suite \u00bb\t\t<\/a>\n\n\t\t\t\t<\/div>\n\t\t\t\t<div class=\"elementor-post__meta-data\">\n\t\t\t\t\t<span class=\"elementor-post-date\">\n\t\t\tmars 24, 2024\t\t<\/span>\n\t\t\t\t<\/div>\n\t\t\t\t\t<\/div>\n\t\t<\/article>\n\t\t\t\t<article class=\"elementor-post elementor-grid-item post-2891 post type-post status-publish format-standard has-post-thumbnail hentry category-news-fr\" role=\"listitem\">\n\t\t\t<div class=\"elementor-post__card\">\n\t\t\t\t<a class=\"elementor-post__thumbnail__link\" href=\"https:\/\/ifakverein.ch\/fr\/votre-pharmacie-est-elle-attractive-en-tant-quemployeur\/\" tabindex=\"-1\" ><div class=\"elementor-post__thumbnail\"><img decoding=\"async\" width=\"213\" height=\"300\" src=\"https:\/\/ifakverein.ch\/wp-content\/uploads\/2023\/12\/Hintergrund_Puzzle-213x300.png\" class=\"attachment-medium size-medium wp-image-2883\" alt=\"\" srcset=\"https:\/\/ifakverein.ch\/wp-content\/uploads\/2023\/12\/Hintergrund_Puzzle-213x300.png 213w, https:\/\/ifakverein.ch\/wp-content\/uploads\/2023\/12\/Hintergrund_Puzzle-726x1024.png 726w, https:\/\/ifakverein.ch\/wp-content\/uploads\/2023\/12\/Hintergrund_Puzzle-768x1084.png 768w, https:\/\/ifakverein.ch\/wp-content\/uploads\/2023\/12\/Hintergrund_Puzzle.png 800w\" sizes=\"(max-width: 213px) 100vw, 213px\" \/><\/div><\/a>\n\t\t\t\t<div class=\"elementor-post__text\">\n\t\t\t\t<h3 class=\"elementor-post__title\">\n\t\t\t<a href=\"https:\/\/ifakverein.ch\/fr\/votre-pharmacie-est-elle-attractive-en-tant-quemployeur\/\" >\n\t\t\t\tVotre pharmacie est-elle attractive en tant qu&#8217;employeur ?\t\t\t<\/a>\n\t\t<\/h3>\n\t\t\t\t<div class=\"elementor-post__excerpt\">\n\t\t\t<p>L&rsquo;association IFAK a lanc\u00e9 en 2022 une enqu\u00eate dans les pharmacies du canton de Berne sur l&rsquo;impact de la r\u00e9mun\u00e9ration, des prestations sociales ou des<\/p>\n\t\t<\/div>\n\t\t\n\t\t<a class=\"elementor-post__read-more\" href=\"https:\/\/ifakverein.ch\/fr\/votre-pharmacie-est-elle-attractive-en-tant-quemployeur\/\" aria-label=\"En savoir plus sur Votre pharmacie est-elle attractive en tant qu&#8217;employeur ?\" tabindex=\"-1\" >\n\t\t\tlire la suite \u00bb\t\t<\/a>\n\n\t\t\t\t<\/div>\n\t\t\t\t<div class=\"elementor-post__meta-data\">\n\t\t\t\t\t<span class=\"elementor-post-date\">\n\t\t\td\u00e9cembre 7, 2023\t\t<\/span>\n\t\t\t\t<\/div>\n\t\t\t\t\t<\/div>\n\t\t<\/article>\n\t\t\t\t<article class=\"elementor-post elementor-grid-item post-2851 post type-post status-publish format-standard has-post-thumbnail hentry category-news-fr\" role=\"listitem\">\n\t\t\t<div class=\"elementor-post__card\">\n\t\t\t\t<a class=\"elementor-post__thumbnail__link\" href=\"https:\/\/ifakverein.ch\/fr\/pharmactuel-symposium-2\/\" tabindex=\"-1\" ><div class=\"elementor-post__thumbnail\"><img loading=\"lazy\" decoding=\"async\" width=\"300\" height=\"225\" src=\"https:\/\/ifakverein.ch\/wp-content\/uploads\/2023\/11\/Bild_Symposium_23-300x225.jpg\" class=\"attachment-medium size-medium wp-image-2840\" alt=\"\" srcset=\"https:\/\/ifakverein.ch\/wp-content\/uploads\/2023\/11\/Bild_Symposium_23-300x225.jpg 300w, https:\/\/ifakverein.ch\/wp-content\/uploads\/2023\/11\/Bild_Symposium_23-768x576.jpg 768w, https:\/\/ifakverein.ch\/wp-content\/uploads\/2023\/11\/Bild_Symposium_23.jpg 800w\" sizes=\"(max-width: 300px) 100vw, 300px\" \/><\/div><\/a>\n\t\t\t\t<div class=\"elementor-post__text\">\n\t\t\t\t<h3 class=\"elementor-post__title\">\n\t\t\t<a href=\"https:\/\/ifakverein.ch\/fr\/pharmactuel-symposium-2\/\" >\n\t\t\t\tpharmActuel Symposium\t\t\t<\/a>\n\t\t<\/h3>\n\t\t\t\t<div class=\"elementor-post__excerpt\">\n\t\t\t<p>Dimanche, 12 novembre 2023<br \/>\nKursaal Berne<br \/>\nTh\u00e8me: P\u00e9diatrie en pharmacie<\/p>\n\t\t<\/div>\n\t\t\n\t\t<a class=\"elementor-post__read-more\" href=\"https:\/\/ifakverein.ch\/fr\/pharmactuel-symposium-2\/\" aria-label=\"En savoir plus sur pharmActuel Symposium\" tabindex=\"-1\" >\n\t\t\tlire la suite \u00bb\t\t<\/a>\n\n\t\t\t\t<\/div>\n\t\t\t\t<div class=\"elementor-post__meta-data\">\n\t\t\t\t\t<span class=\"elementor-post-date\">\n\t\t\tnovembre 2, 2023\t\t<\/span>\n\t\t\t\t<\/div>\n\t\t\t\t\t<\/div>\n\t\t<\/article>\n\t\t\t\t<\/div>\n\t\t\n\t\t\t\t<div class=\"e-load-more-anchor\" data-page=\"1\" data-max-page=\"3\" data-next-page=\"https:\/\/ifakverein.ch\/fr\/wp-json\/wp\/v2\/pages\/2561\/page\/2\/\"><\/div>\n\t\t\t\t<nav class=\"elementor-pagination\" aria-label=\"Pagination\">\n\t\t\t<span aria-current=\"page\" class=\"page-numbers current\"><span class=\"elementor-screen-only\">Page<\/span>1<\/span>\n<a class=\"page-numbers\" href=\"https:\/\/ifakverein.ch\/fr\/wp-json\/wp\/v2\/pages\/2561\/page\/2\/\"><span class=\"elementor-screen-only\">Page<\/span>2<\/a>\n<a class=\"page-numbers\" href=\"https:\/\/ifakverein.ch\/fr\/wp-json\/wp\/v2\/pages\/2561\/page\/3\/\"><span class=\"elementor-screen-only\">Page<\/span>3<\/a>\t\t<\/nav>\n\t\t\t\t\t\t<\/div>\n\t\t\t\t<\/div>\n\t\t\t\t\t<\/div>\n\t\t<\/div>\n\t\t\t\t<div class=\"elementor-column elementor-col-50 elementor-top-column elementor-element elementor-element-18138f1\" data-id=\"18138f1\" data-element_type=\"column\" data-e-type=\"column\" data-settings=\"{&quot;background_background&quot;:&quot;classic&quot;}\">\n\t\t\t<div class=\"elementor-widget-wrap elementor-element-populated\">\n\t\t\t\t\t\t<div class=\"elementor-element elementor-element-9fc4a84 elementor-widget elementor-widget-spacer\" data-id=\"9fc4a84\" data-element_type=\"widget\" data-e-type=\"widget\" data-widget_type=\"spacer.default\">\n\t\t\t\t<div class=\"elementor-widget-container\">\n\t\t\t\t\t\t\t<div class=\"elementor-spacer\">\n\t\t\t<div class=\"elementor-spacer-inner\"><\/div>\n\t\t<\/div>\n\t\t\t\t\t\t<\/div>\n\t\t\t\t<\/div>\n\t\t\t\t\t<\/div>\n\t\t<\/div>\n\t\t\t\t\t<\/div>\n\t\t<\/section>\n\t\t\t\t<\/div>\n\t\t","protected":false},"excerpt":{"rendered":"","protected":false},"author":1,"featured_media":0,"parent":0,"menu_order":11,"comment_status":"closed","ping_status":"closed","template":"","meta":{"footnotes":""},"class_list":["post-2561","page","type-page","status-publish","hentry"],"_links":{"self":[{"href":"https:\/\/ifakverein.ch\/fr\/wp-json\/wp\/v2\/pages\/2561","targetHints":{"allow":["GET"]}}],"collection":[{"href":"https:\/\/ifakverein.ch\/fr\/wp-json\/wp\/v2\/pages"}],"about":[{"href":"https:\/\/ifakverein.ch\/fr\/wp-json\/wp\/v2\/types\/page"}],"author":[{"embeddable":true,"href":"https:\/\/ifakverein.ch\/fr\/wp-json\/wp\/v2\/users\/1"}],"replies":[{"embeddable":true,"href":"https:\/\/ifakverein.ch\/fr\/wp-json\/wp\/v2\/comments?post=2561"}],"version-history":[{"count":2,"href":"https:\/\/ifakverein.ch\/fr\/wp-json\/wp\/v2\/pages\/2561\/revisions"}],"predecessor-version":[{"id":2622,"href":"https:\/\/ifakverein.ch\/fr\/wp-json\/wp\/v2\/pages\/2561\/revisions\/2622"}],"wp:attachment":[{"href":"https:\/\/ifakverein.ch\/fr\/wp-json\/wp\/v2\/media?parent=2561"}],"curies":[{"name":"wp","href":"https:\/\/api.w.org\/{rel}","templated":true}]}}