{"id":2548,"date":"2013-11-14T12:28:57","date_gmt":"2013-11-14T12:28:57","guid":{"rendered":"https:\/\/2022.ifakverein.ch\/?page_id=2548"},"modified":"2025-07-24T14:38:03","modified_gmt":"2025-07-24T14:38:03","slug":"lieu-contact","status":"publish","type":"page","link":"https:\/\/ifakverein.ch\/fr\/lieu-contact\/","title":{"rendered":"Lieu\/Contact"},"content":{"rendered":"\t\t<div data-elementor-type=\"wp-page\" data-elementor-id=\"2548\" class=\"elementor elementor-2548 elementor-59\" data-elementor-post-type=\"page\">\n\t\t\t\t\t\t<section class=\"elementor-section elementor-top-section elementor-element elementor-element-1aa3150 elementor-section-full_width elementor-section-height-default elementor-section-height-default\" data-id=\"1aa3150\" data-element_type=\"section\" data-e-type=\"section\" data-settings=\"{&quot;jet_parallax_layout_list&quot;:[]}\">\n\t\t\t\t\t\t<div class=\"elementor-container elementor-column-gap-default\">\n\t\t\t\t\t<div class=\"elementor-column elementor-col-50 elementor-top-column elementor-element elementor-element-019f42a\" data-id=\"019f42a\" data-element_type=\"column\" data-e-type=\"column\">\n\t\t\t<div class=\"elementor-widget-wrap elementor-element-populated\">\n\t\t\t\t\t\t<div class=\"elementor-element elementor-element-5ef6efb elementor-widget elementor-widget-heading\" data-id=\"5ef6efb\" data-element_type=\"widget\" data-e-type=\"widget\" data-widget_type=\"heading.default\">\n\t\t\t\t<div class=\"elementor-widget-container\">\n\t\t\t\t\t<h2 class=\"elementor-heading-title elementor-size-default\">Notre si\u00e8ge<\/h2>\t\t\t\t<\/div>\n\t\t\t\t<\/div>\n\t\t\t\t<section class=\"elementor-section elementor-inner-section elementor-element elementor-element-47ce3f6 elementor-section-boxed elementor-section-height-default elementor-section-height-default\" data-id=\"47ce3f6\" data-element_type=\"section\" data-e-type=\"section\" data-settings=\"{&quot;jet_parallax_layout_list&quot;:[]}\">\n\t\t\t\t\t\t<div class=\"elementor-container elementor-column-gap-default\">\n\t\t\t\t\t<div class=\"elementor-column elementor-col-100 elementor-inner-column elementor-element elementor-element-b17c593\" data-id=\"b17c593\" data-element_type=\"column\" data-e-type=\"column\">\n\t\t\t<div class=\"elementor-widget-wrap elementor-element-populated\">\n\t\t\t\t\t\t<div class=\"elementor-element elementor-element-76ec6f0 elementor-widget elementor-widget-text-editor\" data-id=\"76ec6f0\" data-element_type=\"widget\" data-e-type=\"widget\" data-widget_type=\"text-editor.default\">\n\t\t\t\t<div class=\"elementor-widget-container\">\n\t\t\t\t\t\t\t\t\t<p><strong>Accessibilit\u00e9 avec les transports publics depuis la gare de Bienne:<\/strong><\/p><p>Au centre de la place de la Gare, traversez le passage pour pi\u00e9tons de droite et prenez \u00e0 cet endroit le bus de la ligne 1, direction Stadien\/Stades.<br \/>Descendez du bus \u00e0 l\u2019arr\u00eat Taubenloch et revenez en arri\u00e8re sur 300 m\u00e8tres en passant le long de la \u00ab B\u00f6zinger Apotheke\u00a0\u00bb, jusqu\u2019\u00e0 nos bureaux de la rue de Boujean 162.<\/p><p>Notre entr\u00e9e principale se trouve au <strong>1er \u00e9tage, escalier \u00e0 c\u00f4t\u00e9 des places de parc.<\/strong><\/p><p><strong>Si vous vous d\u00e9placez en voiture<\/strong>, les places de parc de la \u00ab\u00a0B\u00f6zinger Apotheke\u00a0\u00bb sont \u00e0 votre disposition.<\/p><p>\u00a0<\/p>\t\t\t\t\t\t\t\t<\/div>\n\t\t\t\t<\/div>\n\t\t\t\t<div class=\"elementor-element elementor-element-888b01a elementor-widget elementor-widget-image\" data-id=\"888b01a\" data-element_type=\"widget\" data-e-type=\"widget\" data-widget_type=\"image.default\">\n\t\t\t\t<div class=\"elementor-widget-container\">\n\t\t\t\t\t\t\t\t\t\t\t\t\t\t\t<img fetchpriority=\"high\" decoding=\"async\" width=\"800\" height=\"450\" src=\"https:\/\/ifakverein.ch\/wp-content\/uploads\/2023\/09\/IV_Plan_Boezingen_fr.png\" class=\"attachment-large size-large wp-image-2551\" alt=\"\" srcset=\"https:\/\/ifakverein.ch\/wp-content\/uploads\/2023\/09\/IV_Plan_Boezingen_fr.png 1000w, https:\/\/ifakverein.ch\/wp-content\/uploads\/2023\/09\/IV_Plan_Boezingen_fr-300x169.png 300w, https:\/\/ifakverein.ch\/wp-content\/uploads\/2023\/09\/IV_Plan_Boezingen_fr-768x432.png 768w\" sizes=\"(max-width: 800px) 100vw, 800px\" \/>\t\t\t\t\t\t\t\t\t\t\t\t\t\t\t<\/div>\n\t\t\t\t<\/div>\n\t\t\t\t\t<\/div>\n\t\t<\/div>\n\t\t\t\t\t<\/div>\n\t\t<\/section>\n\t\t\t\t\t<\/div>\n\t\t<\/div>\n\t\t\t\t<div class=\"elementor-column elementor-col-50 elementor-top-column elementor-element elementor-element-4e1b674\" data-id=\"4e1b674\" data-element_type=\"column\" data-e-type=\"column\" data-settings=\"{&quot;background_background&quot;:&quot;classic&quot;}\">\n\t\t\t<div class=\"elementor-widget-wrap elementor-element-populated\">\n\t\t\t\t\t\t<div class=\"elementor-element elementor-element-58ad15c elementor-widget elementor-widget-google_maps\" data-id=\"58ad15c\" data-element_type=\"widget\" data-e-type=\"widget\" data-widget_type=\"google_maps.default\">\n\t\t\t\t<div class=\"elementor-widget-container\">\n\t\t\t\t\t\t\t<div class=\"elementor-custom-embed\">\n\t\t\t<iframe loading=\"lazy\"\n\t\t\t\t\tsrc=\"https:\/\/maps.google.com\/maps?q=B%C3%B6zingenstrasse%20162%2C%202500%20Biel%2C%20schweiz&#038;t=m&#038;z=10&#038;output=embed&#038;iwloc=near\"\n\t\t\t\t\ttitle=\"B\u00f6zingenstrasse 162, 2500 Biel, schweiz\"\n\t\t\t\t\taria-label=\"B\u00f6zingenstrasse 162, 2500 Biel, schweiz\"\n\t\t\t><\/iframe>\n\t\t<\/div>\n\t\t\t\t\t\t<\/div>\n\t\t\t\t<\/div>\n\t\t\t\t<section class=\"elementor-section elementor-inner-section elementor-element elementor-element-6b86679 elementor-section-boxed elementor-section-height-default elementor-section-height-default\" data-id=\"6b86679\" data-element_type=\"section\" data-e-type=\"section\" data-settings=\"{&quot;jet_parallax_layout_list&quot;:[]}\">\n\t\t\t\t\t\t<div class=\"elementor-container elementor-column-gap-default\">\n\t\t\t\t\t<div class=\"elementor-column elementor-col-100 elementor-inner-column elementor-element elementor-element-d520c0e\" data-id=\"d520c0e\" data-element_type=\"column\" data-e-type=\"column\">\n\t\t\t<div class=\"elementor-widget-wrap elementor-element-populated\">\n\t\t\t\t\t\t<div class=\"elementor-element elementor-element-d76a554 elementor-widget elementor-widget-jet-team-member\" data-id=\"d76a554\" data-element_type=\"widget\" data-e-type=\"widget\" data-widget_type=\"jet-team-member.default\">\n\t\t\t\t<div class=\"elementor-widget-container\">\n\t\t\t\t\t<div class=\"elementor-jet-team-member jet-elements\"><div class=\"jet-team-member jet-team-member--cover-hover\">\n\t<div class=\"jet-team-member__inner\">\n\t\t\t<div class=\"jet-team-member__image\">\n\t\t\t<div class=\"jet-team-member__cover\"><\/div>\n\t\t\t\t\t<\/div>\n\t\t<div class=\"jet-team-member__content\"><h3 class=\"jet-team-member__name\"><span class=\"jet-team-member__name-first\">Adresse<\/span><\/h3><div class=\"jet-team-member__position\"><span>Association IFAK<\/span><\/div><p class=\"jet-team-member__desc\">Case postale 6045<br>\nRue de Boujean 162<br>\n2500 Biel \/ Bienne 6<br>\nT\u00e9l. 032 344 10 31<\/p><div class=\"jet-team-member__socials\"><div class=\"jet-team-member__socials-item\"><a href=\"mailto:info@ifakverein.ch\" aria-label=\"E-Mail\" target=\"_blank\"><div class=\"jet-team-member__socials-icon\"><div class=\"inner\"><span class=\"jet-elements-icon\"><i aria-hidden=\"true\" class=\"far fa-envelope\"><\/i><\/span><\/div><\/div><\/a><\/div><\/div><\/div>\n\t<\/div>\n\t<\/div>\n<\/div>\t\t\t\t<\/div>\n\t\t\t\t<\/div>\n\t\t\t\t\t<\/div>\n\t\t<\/div>\n\t\t\t\t\t<\/div>\n\t\t<\/section>\n\t\t\t\t\t<\/div>\n\t\t<\/div>\n\t\t\t\t\t<\/div>\n\t\t<\/section>\n\t\t\t\t<\/div>\n\t\t","protected":false},"excerpt":{"rendered":"<p>Notre si\u00e8ge Accessibilit\u00e9 avec les transports publics depuis la gare de Bienne: Au centre de la place de la Gare, traversez le passage pour pi\u00e9tons de droite et prenez \u00e0 cet endroit le bus de la ligne 1, direction Stadien\/Stades.Descendez du bus \u00e0 l\u2019arr\u00eat Taubenloch et revenez en arri\u00e8re sur 300 m\u00e8tres en passant le [&hellip;]<\/p>\n","protected":false},"author":1,"featured_media":0,"parent":0,"menu_order":4,"comment_status":"closed","ping_status":"closed","template":"","meta":{"footnotes":""},"class_list":["post-2548","page","type-page","status-publish","hentry"],"_links":{"self":[{"href":"https:\/\/ifakverein.ch\/fr\/wp-json\/wp\/v2\/pages\/2548","targetHints":{"allow":["GET"]}}],"collection":[{"href":"https:\/\/ifakverein.ch\/fr\/wp-json\/wp\/v2\/pages"}],"about":[{"href":"https:\/\/ifakverein.ch\/fr\/wp-json\/wp\/v2\/types\/page"}],"author":[{"embeddable":true,"href":"https:\/\/ifakverein.ch\/fr\/wp-json\/wp\/v2\/users\/1"}],"replies":[{"embeddable":true,"href":"https:\/\/ifakverein.ch\/fr\/wp-json\/wp\/v2\/comments?post=2548"}],"version-history":[{"count":10,"href":"https:\/\/ifakverein.ch\/fr\/wp-json\/wp\/v2\/pages\/2548\/revisions"}],"predecessor-version":[{"id":3088,"href":"https:\/\/ifakverein.ch\/fr\/wp-json\/wp\/v2\/pages\/2548\/revisions\/3088"}],"wp:attachment":[{"href":"https:\/\/ifakverein.ch\/fr\/wp-json\/wp\/v2\/media?parent=2548"}],"curies":[{"name":"wp","href":"https:\/\/api.w.org\/{rel}","templated":true}]}}