{"id":2538,"date":"2013-10-29T12:03:01","date_gmt":"2013-10-29T12:03:01","guid":{"rendered":"https:\/\/2022.ifakverein.ch\/?page_id=2538"},"modified":"2025-07-17T13:34:53","modified_gmt":"2025-07-17T13:34:53","slug":"comite","status":"publish","type":"page","link":"https:\/\/ifakverein.ch\/fr\/comite\/","title":{"rendered":"Comit\u00e9"},"content":{"rendered":"\t\t<div data-elementor-type=\"wp-page\" data-elementor-id=\"2538\" class=\"elementor elementor-2538 elementor-78\" data-elementor-post-type=\"page\">\n\t\t\t\t\t\t<section class=\"elementor-section elementor-top-section elementor-element elementor-element-dec7177 elementor-section-full_width elementor-reverse-tablet elementor-reverse-mobile elementor-section-height-default elementor-section-height-default\" data-id=\"dec7177\" data-element_type=\"section\" data-e-type=\"section\" data-settings=\"{&quot;jet_parallax_layout_list&quot;:[]}\">\n\t\t\t\t\t\t<div class=\"elementor-container elementor-column-gap-default\">\n\t\t\t\t\t<div class=\"elementor-column elementor-col-50 elementor-top-column elementor-element elementor-element-8bdc6f0\" data-id=\"8bdc6f0\" data-element_type=\"column\" data-e-type=\"column\">\n\t\t\t<div class=\"elementor-widget-wrap elementor-element-populated\">\n\t\t\t\t\t\t<div class=\"elementor-element elementor-element-ec11fac elementor-widget elementor-widget-heading\" data-id=\"ec11fac\" data-element_type=\"widget\" data-e-type=\"widget\" data-widget_type=\"heading.default\">\n\t\t\t\t<div class=\"elementor-widget-container\">\n\t\t\t\t\t<h2 class=\"elementor-heading-title elementor-size-default\">Adresses<\/h2>\t\t\t\t<\/div>\n\t\t\t\t<\/div>\n\t\t\t\t<section class=\"elementor-section elementor-inner-section elementor-element elementor-element-cf113d0 elementor-section-boxed elementor-section-height-default elementor-section-height-default\" data-id=\"cf113d0\" data-element_type=\"section\" data-e-type=\"section\" data-settings=\"{&quot;jet_parallax_layout_list&quot;:[]}\">\n\t\t\t\t\t\t<div class=\"elementor-container elementor-column-gap-default\">\n\t\t\t\t\t<div class=\"elementor-column elementor-col-33 elementor-inner-column elementor-element elementor-element-a322596\" data-id=\"a322596\" data-element_type=\"column\" data-e-type=\"column\">\n\t\t\t<div class=\"elementor-widget-wrap elementor-element-populated\">\n\t\t\t\t\t\t<div class=\"elementor-element elementor-element-a7918a8 elementor-widget elementor-widget-jet-team-member\" data-id=\"a7918a8\" data-element_type=\"widget\" data-e-type=\"widget\" data-widget_type=\"jet-team-member.default\">\n\t\t\t\t<div class=\"elementor-widget-container\">\n\t\t\t\t\t<div class=\"elementor-jet-team-member jet-elements\"><div class=\"jet-team-member\">\n\t<div class=\"jet-team-member__inner\">\n\t\t\t<div class=\"jet-team-member__image\">\n\t\t\t<div class=\"jet-team-member__cover\"><\/div>\n\t\t\t\t\t<\/div>\n\t\t<div class=\"jet-team-member__content\"><h4 class=\"jet-team-member__name\"><span class=\"jet-team-member__name-first\">Dr. Hysek Claus<\/span><\/h4><div class=\"jet-team-member__position\"><span>Pr\u00e9sident <\/span><\/div><p class=\"jet-team-member__desc\">Association IFAK<br>\nRoute de Boujean 162<br>\n2500 Bienne 6 <\/p><div class=\"jet-team-member__socials\"><div class=\"jet-team-member__socials-item\"><a href=\"http:\/\/032%20344%2010%2032\" aria-label=\"Telefon\" target=\"_blank\"><div class=\"jet-team-member__socials-icon\"><div class=\"inner\"><span class=\"jet-elements-icon\"><i aria-hidden=\"true\" class=\"fas fa-phone-alt\"><\/i><\/span><\/div><\/div><\/a><\/div><div class=\"jet-team-member__socials-item\"><a href=\"mailto:hysek.claus@ifakverein.ch\" aria-label=\"E-Mail\" target=\"_blank\"><div class=\"jet-team-member__socials-icon\"><div class=\"inner\"><span class=\"jet-elements-icon\"><i aria-hidden=\"true\" class=\"far fa-envelope\"><\/i><\/span><\/div><\/div><\/a><\/div><\/div><\/div>\n\t<\/div>\n\t<\/div>\n<\/div>\t\t\t\t<\/div>\n\t\t\t\t<\/div>\n\t\t\t\t\t<\/div>\n\t\t<\/div>\n\t\t\t\t<div class=\"elementor-column elementor-col-33 elementor-inner-column elementor-element elementor-element-5f15de7\" data-id=\"5f15de7\" data-element_type=\"column\" data-e-type=\"column\">\n\t\t\t<div class=\"elementor-widget-wrap elementor-element-populated\">\n\t\t\t\t\t\t<div class=\"elementor-element elementor-element-f2e4963 elementor-widget elementor-widget-jet-team-member\" data-id=\"f2e4963\" data-element_type=\"widget\" data-e-type=\"widget\" data-widget_type=\"jet-team-member.default\">\n\t\t\t\t<div class=\"elementor-widget-container\">\n\t\t\t\t\t<div class=\"elementor-jet-team-member jet-elements\"><div class=\"jet-team-member\">\n\t<div class=\"jet-team-member__inner\">\n\t\t\t<div class=\"jet-team-member__image\">\n\t\t\t<div class=\"jet-team-member__cover\"><\/div>\n\t\t\t\t\t<\/div>\n\t\t<div class=\"jet-team-member__content\"><h3 class=\"jet-team-member__name\"><span class=\"jet-team-member__name-first\">Gallopin Andr\u00e9<\/span><\/h3><div class=\"jet-team-member__position\"><span>Vice-pr\u00e9sident<\/span><\/div><p class=\"jet-team-member__desc\">Pharmacie de Meyrin <br>\nCase postale 205<br>\n1217 Meyrin <br>\n1 Centre commercial <\/p><div class=\"jet-team-member__socials\"><div class=\"jet-team-member__socials-item\"><a href=\"http:\/\/022%20782%2075%2055\" aria-label=\"Telefon\" target=\"_blank\"><div class=\"jet-team-member__socials-icon\"><div class=\"inner\"><span class=\"jet-elements-icon\"><i aria-hidden=\"true\" class=\"fas fa-phone-alt\"><\/i><\/span><\/div><\/div><\/a><\/div><div class=\"jet-team-member__socials-item\"><a href=\"mailto:pharmaciemeyrin@swissonline.ch\" aria-label=\"E-Mail\" target=\"_blank\"><div class=\"jet-team-member__socials-icon\"><div class=\"inner\"><span class=\"jet-elements-icon\"><i aria-hidden=\"true\" class=\"far fa-envelope\"><\/i><\/span><\/div><\/div><\/a><\/div><\/div><\/div>\n\t<\/div>\n\t<\/div>\n<\/div>\t\t\t\t<\/div>\n\t\t\t\t<\/div>\n\t\t\t\t\t<\/div>\n\t\t<\/div>\n\t\t\t\t<div class=\"elementor-column elementor-col-33 elementor-inner-column elementor-element elementor-element-6b46ede\" data-id=\"6b46ede\" data-element_type=\"column\" data-e-type=\"column\" data-settings=\"{&quot;background_background&quot;:&quot;classic&quot;}\">\n\t\t\t<div class=\"elementor-widget-wrap elementor-element-populated\">\n\t\t\t\t\t\t<div class=\"elementor-element elementor-element-15e8c2e elementor-widget elementor-widget-jet-team-member\" data-id=\"15e8c2e\" data-element_type=\"widget\" data-e-type=\"widget\" data-widget_type=\"jet-team-member.default\">\n\t\t\t\t<div class=\"elementor-widget-container\">\n\t\t\t\t\t<div class=\"elementor-jet-team-member jet-elements\"><div class=\"jet-team-member\">\n\t<div class=\"jet-team-member__inner\">\n\t\t\t<div class=\"jet-team-member__image\">\n\t\t\t<div class=\"jet-team-member__cover\"><\/div>\n\t\t\t\t\t<\/div>\n\t\t<div class=\"jet-team-member__content\"><h3 class=\"jet-team-member__name\"><span class=\"jet-team-member__name-first\">Braun Philipp<\/span><\/h3><div class=\"jet-team-member__position\"><span>Membre du conseil d'administration<\/span><\/div><p class=\"jet-team-member__desc\">Apotheke zur Waage AG<br>\nInselstrasse 51 <br>\n4057 Basel <br><\/p><div class=\"jet-team-member__socials\"><div class=\"jet-team-member__socials-item\"><a href=\"http:\/\/061%20631%2009%2060\" aria-label=\"Telefon\" target=\"_blank\"><div class=\"jet-team-member__socials-icon\"><div class=\"inner\"><span class=\"jet-elements-icon\"><i aria-hidden=\"true\" class=\"fas fa-phone-alt\"><\/i><\/span><\/div><\/div><\/a><\/div><div class=\"jet-team-member__socials-item\"><a href=\"mailto:%20philipp.braun1987@gmail.com\" aria-label=\"E-Mail\" target=\"_blank\"><div class=\"jet-team-member__socials-icon\"><div class=\"inner\"><span class=\"jet-elements-icon\"><i aria-hidden=\"true\" class=\"far fa-envelope\"><\/i><\/span><\/div><\/div><\/a><\/div><\/div><\/div>\n\t<\/div>\n\t<\/div>\n<\/div>\t\t\t\t<\/div>\n\t\t\t\t<\/div>\n\t\t\t\t\t<\/div>\n\t\t<\/div>\n\t\t\t\t\t<\/div>\n\t\t<\/section>\n\t\t\t\t<section class=\"elementor-section elementor-inner-section elementor-element elementor-element-d79ad60 elementor-section-boxed elementor-section-height-default elementor-section-height-default\" data-id=\"d79ad60\" data-element_type=\"section\" data-e-type=\"section\" data-settings=\"{&quot;jet_parallax_layout_list&quot;:[]}\">\n\t\t\t\t\t\t<div class=\"elementor-container elementor-column-gap-default\">\n\t\t\t\t\t<div class=\"elementor-column elementor-col-33 elementor-inner-column elementor-element elementor-element-281fb90\" data-id=\"281fb90\" data-element_type=\"column\" data-e-type=\"column\">\n\t\t\t<div class=\"elementor-widget-wrap elementor-element-populated\">\n\t\t\t\t\t\t<div class=\"elementor-element elementor-element-39abf45 elementor-widget elementor-widget-jet-team-member\" data-id=\"39abf45\" data-element_type=\"widget\" data-e-type=\"widget\" data-widget_type=\"jet-team-member.default\">\n\t\t\t\t<div class=\"elementor-widget-container\">\n\t\t\t\t\t<div class=\"elementor-jet-team-member jet-elements\"><div class=\"jet-team-member\">\n\t<div class=\"jet-team-member__inner\">\n\t\t\t<div class=\"jet-team-member__image\">\n\t\t\t<div class=\"jet-team-member__cover\"><\/div>\n\t\t\t\t\t<\/div>\n\t\t<div class=\"jet-team-member__content\"><h3 class=\"jet-team-member__name\"><span class=\"jet-team-member__name-first\">Martin Emch<\/span><\/h3><div class=\"jet-team-member__position\"><span>Membre du conseil d'administration<\/span><\/div><p class=\"jet-team-member__desc\">Wegm\u00fchle Apotheke AG<br>\nBernstrasse 98<br>\n3072 Ostermundigen<\/p><div class=\"jet-team-member__socials\"><\/div><\/div>\n\t<\/div>\n\t<\/div>\n<\/div>\t\t\t\t<\/div>\n\t\t\t\t<\/div>\n\t\t\t\t\t<\/div>\n\t\t<\/div>\n\t\t\t\t<div class=\"elementor-column elementor-col-33 elementor-inner-column elementor-element elementor-element-9762c2e\" data-id=\"9762c2e\" data-element_type=\"column\" data-e-type=\"column\">\n\t\t\t<div class=\"elementor-widget-wrap elementor-element-populated\">\n\t\t\t\t\t\t<div class=\"elementor-element elementor-element-823d850 elementor-widget elementor-widget-jet-team-member\" data-id=\"823d850\" data-element_type=\"widget\" data-e-type=\"widget\" data-widget_type=\"jet-team-member.default\">\n\t\t\t\t<div class=\"elementor-widget-container\">\n\t\t\t\t\t<div class=\"elementor-jet-team-member jet-elements\"><div class=\"jet-team-member\">\n\t<div class=\"jet-team-member__inner\">\n\t\t\t<div class=\"jet-team-member__image\">\n\t\t\t<div class=\"jet-team-member__cover\"><\/div>\n\t\t\t\t\t<\/div>\n\t\t<div class=\"jet-team-member__content\"><h3 class=\"jet-team-member__name\"><span class=\"jet-team-member__name-first\">Friedli Daniela<\/span><\/h3><div class=\"jet-team-member__position\"><span>Membre du conseil d'administration<\/span><\/div><p class=\"jet-team-member__desc\">Bahnhof-Apotheke Lyss AG <br>\nBahnhofstrasse 6<br>\n3250 Lyss<\/p><div class=\"jet-team-member__socials\"><div class=\"jet-team-member__socials-item\"><a href=\"http:\/\/032%20384%2013%2070\" aria-label=\"Telefon\" target=\"_blank\"><div class=\"jet-team-member__socials-icon\"><div class=\"inner\"><span class=\"jet-elements-icon\"><i aria-hidden=\"true\" class=\"fas fa-phone-alt\"><\/i><\/span><\/div><\/div><\/a><\/div><div class=\"jet-team-member__socials-item\"><a href=\"mailto:apo-lyss@ovan.ch\" aria-label=\"E-Mail\" target=\"_blank\"><div class=\"jet-team-member__socials-icon\"><div class=\"inner\"><span class=\"jet-elements-icon\"><i aria-hidden=\"true\" class=\"far fa-envelope\"><\/i><\/span><\/div><\/div><\/a><\/div><\/div><\/div>\n\t<\/div>\n\t<\/div>\n<\/div>\t\t\t\t<\/div>\n\t\t\t\t<\/div>\n\t\t\t\t\t<\/div>\n\t\t<\/div>\n\t\t\t\t<div class=\"elementor-column elementor-col-33 elementor-inner-column elementor-element elementor-element-6ce614c\" data-id=\"6ce614c\" data-element_type=\"column\" data-e-type=\"column\" data-settings=\"{&quot;background_background&quot;:&quot;classic&quot;}\">\n\t\t\t<div class=\"elementor-widget-wrap elementor-element-populated\">\n\t\t\t\t\t\t<div class=\"elementor-element elementor-element-6b21936 elementor-widget elementor-widget-jet-team-member\" data-id=\"6b21936\" data-element_type=\"widget\" data-e-type=\"widget\" data-widget_type=\"jet-team-member.default\">\n\t\t\t\t<div class=\"elementor-widget-container\">\n\t\t\t\t\t<div class=\"elementor-jet-team-member jet-elements\"><div class=\"jet-team-member\">\n\t<div class=\"jet-team-member__inner\">\n\t\t\t<div class=\"jet-team-member__image\">\n\t\t\t<div class=\"jet-team-member__cover\"><\/div>\n\t\t\t\t\t<\/div>\n\t\t<div class=\"jet-team-member__content\"><h3 class=\"jet-team-member__name\"><span class=\"jet-team-member__name-first\">Gubler Erich<\/span><\/h3><div class=\"jet-team-member__position\"><span>Membre du conseil d'administration<\/span><\/div><p class=\"jet-team-member__desc\">Schlossapotheke Thun AG <br>\nObere Hauptgasse 33<br>\n3600 Thun<br>\n<\/p><div class=\"jet-team-member__socials\"><div class=\"jet-team-member__socials-item\"><a href=\"http:\/\/033%20222%2045%2051\" aria-label=\"Telefon\" target=\"_blank\"><div class=\"jet-team-member__socials-icon\"><div class=\"inner\"><span class=\"jet-elements-icon\"><i aria-hidden=\"true\" class=\"fas fa-phone-alt\"><\/i><\/span><\/div><\/div><\/a><\/div><div class=\"jet-team-member__socials-item\"><a href=\"mailto:info@schloss-apotheke.ch\" aria-label=\"E-Mail\" target=\"_blank\"><div class=\"jet-team-member__socials-icon\"><div class=\"inner\"><span class=\"jet-elements-icon\"><i aria-hidden=\"true\" class=\"far fa-envelope\"><\/i><\/span><\/div><\/div><\/a><\/div><\/div><\/div>\n\t<\/div>\n\t<\/div>\n<\/div>\t\t\t\t<\/div>\n\t\t\t\t<\/div>\n\t\t\t\t\t<\/div>\n\t\t<\/div>\n\t\t\t\t\t<\/div>\n\t\t<\/section>\n\t\t\t\t<section class=\"elementor-section elementor-inner-section elementor-element elementor-element-df61497 elementor-section-boxed elementor-section-height-default elementor-section-height-default\" data-id=\"df61497\" data-element_type=\"section\" data-e-type=\"section\" data-settings=\"{&quot;jet_parallax_layout_list&quot;:[]}\">\n\t\t\t\t\t\t<div class=\"elementor-container elementor-column-gap-default\">\n\t\t\t\t\t<div class=\"elementor-column elementor-col-33 elementor-inner-column elementor-element elementor-element-d69c7ef\" data-id=\"d69c7ef\" data-element_type=\"column\" data-e-type=\"column\">\n\t\t\t<div class=\"elementor-widget-wrap elementor-element-populated\">\n\t\t\t\t\t\t<div class=\"elementor-element elementor-element-4c36943 elementor-widget elementor-widget-jet-team-member\" data-id=\"4c36943\" data-element_type=\"widget\" data-e-type=\"widget\" data-widget_type=\"jet-team-member.default\">\n\t\t\t\t<div class=\"elementor-widget-container\">\n\t\t\t\t\t<div class=\"elementor-jet-team-member jet-elements\"><div class=\"jet-team-member\">\n\t<div class=\"jet-team-member__inner\">\n\t\t\t<div class=\"jet-team-member__image\">\n\t\t\t<div class=\"jet-team-member__cover\"><\/div>\n\t\t\t\t\t<\/div>\n\t\t<div class=\"jet-team-member__content\"><h3 class=\"jet-team-member__name\"><span class=\"jet-team-member__name-first\">Dr. Huwiler Martin <\/span><\/h3><div class=\"jet-team-member__position\"><span>Membre du conseil d'administration<\/span><\/div><p class=\"jet-team-member__desc\">Pharmacie St-Martin<br>\nCase postale 889<br>\n1800 Vevey 1  <br><\/p><div class=\"jet-team-member__socials\"><div class=\"jet-team-member__socials-item\"><a href=\"http:\/\/021%20921%2023%2038\" aria-label=\"Telefon\" target=\"_blank\"><div class=\"jet-team-member__socials-icon\"><div class=\"inner\"><span class=\"jet-elements-icon\"><i aria-hidden=\"true\" class=\"fas fa-phone-alt\"><\/i><\/span><\/div><\/div><\/a><\/div><div class=\"jet-team-member__socials-item\"><a href=\"mailto:huwiler.martin@bluewin.ch\" aria-label=\"E-Mail\" target=\"_blank\"><div class=\"jet-team-member__socials-icon\"><div class=\"inner\"><span class=\"jet-elements-icon\"><i aria-hidden=\"true\" class=\"far fa-envelope\"><\/i><\/span><\/div><\/div><\/a><\/div><\/div><\/div>\n\t<\/div>\n\t<\/div>\n<\/div>\t\t\t\t<\/div>\n\t\t\t\t<\/div>\n\t\t\t\t\t<\/div>\n\t\t<\/div>\n\t\t\t\t<div class=\"elementor-column elementor-col-33 elementor-inner-column elementor-element elementor-element-f474eb5 elementor-hidden-desktop elementor-hidden-tablet elementor-hidden-mobile\" data-id=\"f474eb5\" data-element_type=\"column\" data-e-type=\"column\">\n\t\t\t<div class=\"elementor-widget-wrap elementor-element-populated\">\n\t\t\t\t\t\t<div class=\"elementor-element elementor-element-c290723 elementor-widget elementor-widget-jet-team-member\" data-id=\"c290723\" data-element_type=\"widget\" data-e-type=\"widget\" data-widget_type=\"jet-team-member.default\">\n\t\t\t\t<div class=\"elementor-widget-container\">\n\t\t\t\t\t<div class=\"elementor-jet-team-member jet-elements\"><div class=\"jet-team-member\">\n\t<div class=\"jet-team-member__inner\">\n\t\t\t<div class=\"jet-team-member__image\">\n\t\t\t<div class=\"jet-team-member__cover\"><\/div>\n\t\t\t<figure class=\"jet-team-member__figure\"><img decoding=\"async\" src=\"https:\/\/ifakverein.ch\/wp-content\/plugins\/elementor\/assets\/images\/placeholder.png\" class=\"jet-team-member__img-tag\" width=\"100%\" alt=\"\"><\/figure>\t\t<\/div>\n\t\t<div class=\"jet-team-member__content\"><h3 class=\"jet-team-member__name\"><span class=\"jet-team-member__name-first\">Friedli Daniela<\/span><\/h3><div class=\"jet-team-member__position\"><span>Vorstandsmitglied<\/span><\/div><p class=\"jet-team-member__desc\">Bahnhof-Apotheke Lyss AG <br>\nBahnhofstrasse 6<br>\n3250 Lyss<\/p><div class=\"jet-team-member__socials\"><div class=\"jet-team-member__socials-item\"><a href=\"http:\/\/032%20384%2013%2070\" aria-label=\"Telefon\" target=\"_blank\"><div class=\"jet-team-member__socials-icon\"><div class=\"inner\"><span class=\"jet-elements-icon\"><i aria-hidden=\"true\" class=\"fas fa-phone-alt\"><\/i><\/span><\/div><\/div><\/a><\/div><div class=\"jet-team-member__socials-item\"><a href=\"mailto:apo-lyss@ovan.ch\" aria-label=\"E-Mail\" target=\"_blank\"><div class=\"jet-team-member__socials-icon\"><div class=\"inner\"><span class=\"jet-elements-icon\"><i aria-hidden=\"true\" class=\"far fa-envelope\"><\/i><\/span><\/div><\/div><\/a><\/div><\/div><\/div>\n\t<\/div>\n\t<\/div>\n<\/div>\t\t\t\t<\/div>\n\t\t\t\t<\/div>\n\t\t\t\t\t<\/div>\n\t\t<\/div>\n\t\t\t\t<div class=\"elementor-column elementor-col-33 elementor-inner-column elementor-element elementor-element-a27e391 elementor-hidden-desktop elementor-hidden-tablet elementor-hidden-mobile\" data-id=\"a27e391\" data-element_type=\"column\" data-e-type=\"column\" data-settings=\"{&quot;background_background&quot;:&quot;classic&quot;}\">\n\t\t\t<div class=\"elementor-widget-wrap elementor-element-populated\">\n\t\t\t\t\t\t<div class=\"elementor-element elementor-element-06c0b4b elementor-widget elementor-widget-jet-team-member\" data-id=\"06c0b4b\" data-element_type=\"widget\" data-e-type=\"widget\" data-widget_type=\"jet-team-member.default\">\n\t\t\t\t<div class=\"elementor-widget-container\">\n\t\t\t\t\t<div class=\"elementor-jet-team-member jet-elements\"><div class=\"jet-team-member\">\n\t<div class=\"jet-team-member__inner\">\n\t\t\t<div class=\"jet-team-member__image\">\n\t\t\t<div class=\"jet-team-member__cover\"><\/div>\n\t\t\t<figure class=\"jet-team-member__figure\"><img decoding=\"async\" src=\"https:\/\/ifakverein.ch\/wp-content\/plugins\/elementor\/assets\/images\/placeholder.png\" class=\"jet-team-member__img-tag\" width=\"100%\" alt=\"\"><\/figure>\t\t<\/div>\n\t\t<div class=\"jet-team-member__content\"><h3 class=\"jet-team-member__name\"><span class=\"jet-team-member__name-first\">Gubler Erich<\/span><\/h3><div class=\"jet-team-member__position\"><span>Vorstandsmitglied<\/span><\/div><p class=\"jet-team-member__desc\">Schlossapotheke Thun AG <br>\nObere Hauptgasse 33<br>\n3600 Thun<br>\n<\/p><div class=\"jet-team-member__socials\"><div class=\"jet-team-member__socials-item\"><a href=\"http:\/\/033%20222%2045%2051\" aria-label=\"Telefon\" target=\"_blank\"><div class=\"jet-team-member__socials-icon\"><div class=\"inner\"><span class=\"jet-elements-icon\"><i aria-hidden=\"true\" class=\"fas fa-phone-alt\"><\/i><\/span><\/div><\/div><\/a><\/div><div class=\"jet-team-member__socials-item\"><a href=\"mailto:info@schloss-apotheke.ch\" aria-label=\"E-Mail\" target=\"_blank\"><div class=\"jet-team-member__socials-icon\"><div class=\"inner\"><span class=\"jet-elements-icon\"><i aria-hidden=\"true\" class=\"far fa-envelope\"><\/i><\/span><\/div><\/div><\/a><\/div><\/div><\/div>\n\t<\/div>\n\t<\/div>\n<\/div>\t\t\t\t<\/div>\n\t\t\t\t<\/div>\n\t\t\t\t\t<\/div>\n\t\t<\/div>\n\t\t\t\t\t<\/div>\n\t\t<\/section>\n\t\t\t\t\t<\/div>\n\t\t<\/div>\n\t\t\t\t<div class=\"elementor-column elementor-col-50 elementor-top-column elementor-element elementor-element-cb01704\" data-id=\"cb01704\" data-element_type=\"column\" data-e-type=\"column\" data-settings=\"{&quot;background_background&quot;:&quot;classic&quot;}\">\n\t\t\t<div class=\"elementor-widget-wrap elementor-element-populated\">\n\t\t\t\t\t<div class=\"elementor-background-overlay\"><\/div>\n\t\t\t\t\t\t<div class=\"elementor-element elementor-element-4684aca elementor-widget elementor-widget-spacer\" data-id=\"4684aca\" data-element_type=\"widget\" data-e-type=\"widget\" data-widget_type=\"spacer.default\">\n\t\t\t\t<div class=\"elementor-widget-container\">\n\t\t\t\t\t\t\t<div class=\"elementor-spacer\">\n\t\t\t<div class=\"elementor-spacer-inner\"><\/div>\n\t\t<\/div>\n\t\t\t\t\t\t<\/div>\n\t\t\t\t<\/div>\n\t\t\t\t\t<\/div>\n\t\t<\/div>\n\t\t\t\t\t<\/div>\n\t\t<\/section>\n\t\t\t\t<\/div>\n\t\t","protected":false},"excerpt":{"rendered":"<p>Adresses Dr. Hysek Claus Pr\u00e9sident Association IFAK Route de Boujean 162 2500 Bienne 6 Gallopin Andr\u00e9 Vice-pr\u00e9sident Pharmacie de Meyrin Case postale 205 1217 Meyrin 1 Centre commercial Braun Philipp Membre du conseil d&rsquo;administration Apotheke zur Waage AG Inselstrasse 51 4057 Basel Martin Emch Membre du conseil d&rsquo;administration Wegm\u00fchle Apotheke AG Bernstrasse 98 3072 Ostermundigen [&hellip;]<\/p>\n","protected":false},"author":1,"featured_media":0,"parent":0,"menu_order":3,"comment_status":"closed","ping_status":"closed","template":"","meta":{"footnotes":""},"class_list":["post-2538","page","type-page","status-publish","hentry"],"_links":{"self":[{"href":"https:\/\/ifakverein.ch\/fr\/wp-json\/wp\/v2\/pages\/2538","targetHints":{"allow":["GET"]}}],"collection":[{"href":"https:\/\/ifakverein.ch\/fr\/wp-json\/wp\/v2\/pages"}],"about":[{"href":"https:\/\/ifakverein.ch\/fr\/wp-json\/wp\/v2\/types\/page"}],"author":[{"embeddable":true,"href":"https:\/\/ifakverein.ch\/fr\/wp-json\/wp\/v2\/users\/1"}],"replies":[{"embeddable":true,"href":"https:\/\/ifakverein.ch\/fr\/wp-json\/wp\/v2\/comments?post=2538"}],"version-history":[{"count":14,"href":"https:\/\/ifakverein.ch\/fr\/wp-json\/wp\/v2\/pages\/2538\/revisions"}],"predecessor-version":[{"id":3066,"href":"https:\/\/ifakverein.ch\/fr\/wp-json\/wp\/v2\/pages\/2538\/revisions\/3066"}],"wp:attachment":[{"href":"https:\/\/ifakverein.ch\/fr\/wp-json\/wp\/v2\/media?parent=2538"}],"curies":[{"name":"wp","href":"https:\/\/api.w.org\/{rel}","templated":true}]}}