{"id":2512,"date":"2019-11-04T10:56:07","date_gmt":"2019-11-04T10:56:07","guid":{"rendered":"https:\/\/2022.ifakverein.ch\/?page_id=2512"},"modified":"2025-07-17T13:37:57","modified_gmt":"2025-07-17T13:37:57","slug":"ppo-prix-public-optimal","status":"publish","type":"page","link":"https:\/\/ifakverein.ch\/fr\/ppo-prix-public-optimal\/","title":{"rendered":"PPO \u2013 Prix public optimal"},"content":{"rendered":"\t\t<div data-elementor-type=\"wp-page\" data-elementor-id=\"2512\" class=\"elementor elementor-2512 elementor-1798\" data-elementor-post-type=\"page\">\n\t\t\t\t\t\t<section class=\"elementor-section elementor-top-section elementor-element elementor-element-e434470 elementor-section-full_width elementor-reverse-tablet elementor-reverse-mobile elementor-section-height-default elementor-section-height-default\" data-id=\"e434470\" data-element_type=\"section\" data-e-type=\"section\" data-settings=\"{&quot;jet_parallax_layout_list&quot;:[]}\">\n\t\t\t\t\t\t<div class=\"elementor-container elementor-column-gap-default\">\n\t\t\t\t\t<div class=\"elementor-column elementor-col-50 elementor-top-column elementor-element elementor-element-da4aa03\" data-id=\"da4aa03\" data-element_type=\"column\" data-e-type=\"column\">\n\t\t\t<div class=\"elementor-widget-wrap elementor-element-populated\">\n\t\t\t\t\t\t<div class=\"elementor-element elementor-element-75930b0 elementor-widget elementor-widget-heading\" data-id=\"75930b0\" data-element_type=\"widget\" data-e-type=\"widget\" data-widget_type=\"heading.default\">\n\t\t\t\t<div class=\"elementor-widget-container\">\n\t\t\t\t\t<h2 class=\"elementor-heading-title elementor-size-default\">Association pour pharmacie ind\u00e9pendante<\/h2>\t\t\t\t<\/div>\n\t\t\t\t<\/div>\n\t\t\t\t<div class=\"elementor-element elementor-element-7b8ae49 elementor-widget elementor-widget-text-editor\" data-id=\"7b8ae49\" data-element_type=\"widget\" data-e-type=\"widget\" data-widget_type=\"text-editor.default\">\n\t\t\t\t<div class=\"elementor-widget-container\">\n\t\t\t\t\t\t\t\t\t<p><strong>La plate-forme de prix IVVP a re\u00e7u un nouveau nom et une identit\u00e9 visuelle plus fra\u00eeche: <span style=\"color: #0ca474;\">PPO, prix public optimal<\/span>. Le concept et le contenu de nos prix de vente recommand\u00e9s n\u2019ont par contre pas chang\u00e9. Vous pouvez toujours compter sur nos prix de vente qualitativement bons et calcul\u00e9s de mani\u00e8re professionnelle. <\/strong><\/p><p>Calculer des prix de vente adapt\u00e9s au march\u00e9 pour les milliers d\u2019articles vendus dans une pharmacie repr\u00e9sente un \u00e9norme d\u00e9fi. Les prix d\u2019achat subissent de fortes fluctuations, ce qui rend presque impossible l\u2019obtention des prix de vente corrects par des moyens automatis\u00e9s.<\/p><p>Depuis l\u2019introduction de sa plate-forme de prix, l\u2019association IFAK a acquis une exp\u00e9rience pr\u00e9cieuse et offre actuellement des prix obtenus par des m\u00e9thodes de calcul perfectionn\u00e9es, qui peuvent contribuer \u00e0 contrer les pertes de marge dans les officines.<\/p><p>Profitez-en pour b\u00e9n\u00e9ficier, sans efforts suppl\u00e9mentaires gr\u00e2ce \u00e0 PPO, de prix de vente \u00e9conomiquement corrects et directement introduits dans le syst\u00e8me informatique de votre pharmacie.<\/p>\t\t\t\t\t\t\t\t<\/div>\n\t\t\t\t<\/div>\n\t\t\t\t<div class=\"elementor-element elementor-element-98af0f1 elementor-widget elementor-widget-button\" data-id=\"98af0f1\" data-element_type=\"widget\" data-e-type=\"widget\" data-widget_type=\"button.default\">\n\t\t\t\t<div class=\"elementor-widget-container\">\n\t\t\t\t\t\t\t\t\t<div class=\"elementor-button-wrapper\">\n\t\t\t\t\t<a class=\"elementor-button elementor-button-link elementor-size-sm elementor-animation-bounce-in\" href=\"https:\/\/ifakverein.ch\/wp-content\/uploads\/2023\/09\/PPO_Flyer_FR.pdf\" target=\"_blank\">\n\t\t\t\t\t\t<span class=\"elementor-button-content-wrapper\">\n\t\t\t\t\t\t<span class=\"elementor-button-icon\">\n\t\t\t\t<i aria-hidden=\"true\" class=\"far fa-file-pdf\"><\/i>\t\t\t<\/span>\n\t\t\t\t\t\t\t\t\t<span class=\"elementor-button-text\">Flyer (PDF)<\/span>\n\t\t\t\t\t<\/span>\n\t\t\t\t\t<\/a>\n\t\t\t\t<\/div>\n\t\t\t\t\t\t\t\t<\/div>\n\t\t\t\t<\/div>\n\t\t\t\t\t<\/div>\n\t\t<\/div>\n\t\t\t\t<div class=\"elementor-column elementor-col-50 elementor-top-column elementor-element elementor-element-bace34a\" data-id=\"bace34a\" data-element_type=\"column\" data-e-type=\"column\" data-settings=\"{&quot;background_background&quot;:&quot;classic&quot;}\">\n\t\t\t<div class=\"elementor-widget-wrap elementor-element-populated\">\n\t\t\t\t\t\t<div class=\"elementor-element elementor-element-8ed8850 elementor-widget elementor-widget-spacer\" data-id=\"8ed8850\" data-element_type=\"widget\" data-e-type=\"widget\" data-widget_type=\"spacer.default\">\n\t\t\t\t<div class=\"elementor-widget-container\">\n\t\t\t\t\t\t\t<div class=\"elementor-spacer\">\n\t\t\t<div class=\"elementor-spacer-inner\"><\/div>\n\t\t<\/div>\n\t\t\t\t\t\t<\/div>\n\t\t\t\t<\/div>\n\t\t\t\t\t<\/div>\n\t\t<\/div>\n\t\t\t\t\t<\/div>\n\t\t<\/section>\n\t\t\t\t<\/div>\n\t\t","protected":false},"excerpt":{"rendered":"<p>Association pour pharmacie ind\u00e9pendante La plate-forme de prix IVVP a re\u00e7u un nouveau nom et une identit\u00e9 visuelle plus fra\u00eeche: PPO, prix public optimal. Le concept et le contenu de nos prix de vente recommand\u00e9s n\u2019ont par contre pas chang\u00e9. Vous pouvez toujours compter sur nos prix de vente qualitativement bons et calcul\u00e9s de mani\u00e8re [&hellip;]<\/p>\n","protected":false},"author":1,"featured_media":0,"parent":0,"menu_order":0,"comment_status":"closed","ping_status":"closed","template":"","meta":{"footnotes":""},"class_list":["post-2512","page","type-page","status-publish","hentry"],"_links":{"self":[{"href":"https:\/\/ifakverein.ch\/fr\/wp-json\/wp\/v2\/pages\/2512","targetHints":{"allow":["GET"]}}],"collection":[{"href":"https:\/\/ifakverein.ch\/fr\/wp-json\/wp\/v2\/pages"}],"about":[{"href":"https:\/\/ifakverein.ch\/fr\/wp-json\/wp\/v2\/types\/page"}],"author":[{"embeddable":true,"href":"https:\/\/ifakverein.ch\/fr\/wp-json\/wp\/v2\/users\/1"}],"replies":[{"embeddable":true,"href":"https:\/\/ifakverein.ch\/fr\/wp-json\/wp\/v2\/comments?post=2512"}],"version-history":[{"count":16,"href":"https:\/\/ifakverein.ch\/fr\/wp-json\/wp\/v2\/pages\/2512\/revisions"}],"predecessor-version":[{"id":3075,"href":"https:\/\/ifakverein.ch\/fr\/wp-json\/wp\/v2\/pages\/2512\/revisions\/3075"}],"wp:attachment":[{"href":"https:\/\/ifakverein.ch\/fr\/wp-json\/wp\/v2\/media?parent=2512"}],"curies":[{"name":"wp","href":"https:\/\/api.w.org\/{rel}","templated":true}]}}